{"id":205,"date":"2013-09-29T10:57:15","date_gmt":"2013-09-29T10:57:15","guid":{"rendered":"http:\/\/baitonghomestay.com\/?page_id=2"},"modified":"2025-05-14T09:41:33","modified_gmt":"2025-05-14T09:41:33","slug":"uber-uns","status":"publish","type":"page","link":"https:\/\/baitonghomestay.com\/germany\/","title":{"rendered":"\u00dcber uns"},"content":{"rendered":"<p>[et_pb_section fb_built=&#8221;1&#8243; admin_label=&#8221;Header&#8221; _builder_version=&#8221;4.27.4&#8243; _module_preset=&#8221;default&#8221; use_background_color_gradient=&#8221;on&#8221; background_color_gradient_stops=&#8221;rgba(0,0,0,0.5) 0%|rgba(0,0,0,0.5) 100%&#8221; background_color_gradient_overlays_image=&#8221;on&#8221; background_image=&#8221;https:\/\/baitonghomestay.com\/wp-content\/uploads\/2025\/05\/2.floor-corridor.jpg&#8221; custom_padding=&#8221;6vw||||false|false&#8221; collapsed=&#8221;on&#8221; global_colors_info=&#8221;{}&#8221; locked=&#8221;off&#8221;][et_pb_row _builder_version=&#8221;4.24.2&#8243; _module_preset=&#8221;default&#8221; width=&#8221;90%&#8221; max_width=&#8221;none&#8221; global_colors_info=&#8221;{}&#8221;][et_pb_column type=&#8221;4_4&#8243; _builder_version=&#8221;4.24.1&#8243; _module_preset=&#8221;default&#8221; global_colors_info=&#8221;{}&#8221;][et_pb_image src=&#8221;https:\/\/baitonghomestay.com\/wp-content\/uploads\/2024\/03\/logobaiton2-300&#215;119-e1572068865714.png&#8221; title_text=&#8221;logobaiton2-300&#215;119-e1572068865714&#8243; align=&#8221;center&#8221; _builder_version=&#8221;4.24.2&#8243; _module_preset=&#8221;default&#8221; max_height=&#8221;120px&#8221; custom_margin=&#8221;||10px||false|false&#8221; global_colors_info=&#8221;{}&#8221;][\/et_pb_image][et_pb_text _builder_version=&#8221;4.24.2&#8243; _module_preset=&#8221;c790e836-1789-4a40-b7d9-8e8a863677a2&#8243; header_text_color=&#8221;#FFFFFF&#8221; header_font_size=&#8221;5vw&#8221; text_orientation=&#8221;center&#8221; custom_margin=&#8221;||10px||false|false&#8221; global_colors_info=&#8221;{}&#8221;]<\/p>\n<h1>Baitong Home stay<\/h1>\n<p>[\/et_pb_text][et_pb_text quote_border_color=&#8221;#FFFFFF&#8221; _builder_version=&#8221;4.24.2&#8243; _module_preset=&#8221;cb3781e0-49e0-4334-80bc-103ea3ee94e1&#8243; text_font=&#8221;Arial|||on|||||&#8221; text_text_color=&#8221;#FFFFFF&#8221; link_text_color=&#8221;#FFFFFF&#8221; quote_text_color=&#8221;#FFFFFF&#8221; text_orientation=&#8221;center&#8221; max_width=&#8221;900px&#8221; module_alignment=&#8221;center&#8221; global_colors_info=&#8221;{}&#8221;]<\/p>\n<p>Locates in the town of Chiang Mai, Thailand.<br \/>Built in a quiet area with no traffic noise.<\/p>\n<p>[\/et_pb_text][\/et_pb_column][\/et_pb_row][\/et_pb_section][et_pb_section fb_built=&#8221;1&#8243; admin_label=&#8221;section&#8221; _builder_version=&#8221;4.16&#8243; custom_padding=&#8221;||29px|||&#8221; global_colors_info=&#8221;{}&#8221;][et_pb_row admin_label=&#8221;row&#8221; _builder_version=&#8221;4.27.0&#8243; background_size=&#8221;initial&#8221; background_position=&#8221;top_left&#8221; background_repeat=&#8221;repeat&#8221; global_colors_info=&#8221;{}&#8221;][et_pb_column type=&#8221;4_4&#8243; _builder_version=&#8221;4.16&#8243; custom_padding=&#8221;|||&#8221; global_colors_info=&#8221;{}&#8221; custom_padding__hover=&#8221;|||&#8221;][et_pb_text admin_label=&#8221;Text&#8221; _builder_version=&#8221;4.27.0&#8243; background_size=&#8221;initial&#8221; background_position=&#8221;top_left&#8221; background_repeat=&#8221;repeat&#8221; global_colors_info=&#8221;{}&#8221;]Thailand-homestay is popular for bed and breakfast. \u00a0Baitong Home stay is a homestay in Thailand locates right in the town of Chiang Mai.<\/p>\n<p>Thailand-homestay ist bekannt f\u00fcr das Angebot: Zimmer mit Fr\u00fchst\u00fcck. Baitong Homestay liegt mitten im Zentrum von Chiang Mai in einer ruhigen Seitenstra\u00dfe.<br \/>\nDie Pension hat 12 Zimmer, die im Boutique-Stil ausgestattet sind. Alle Zimmer haben volle Ausstattung wie Klima-Anlage:, 24 Stunden freies internet WIFI, Minibar, Sat TV, , eigene Toilette und Dusche mit warmem und kaltem Wasser.<br \/>\nDie Eigent\u00fcmer des Hauses sind Narumol Geissler und Manfred Geissler, die fr\u00fcher das bekannte Baitong Thai Restaurant in Augsburg gef\u00fchrt haben. Sie gr\u00fcndeten das Baitong-Homestay in Chiang Mai in Thailand sozusagen als Altersbesch\u00e4ftigung.<br \/>\nIm Angebot sind gleicherma\u00dfen Thai-K\u00fcche und deutsche Gerichte. sind[\/et_pb_text][et_pb_heading title=&#8221;Baitong Homestay&#8221; _builder_version=&#8221;4.27.2&#8243; _module_preset=&#8221;default&#8221; global_colors_info=&#8221;{}&#8221;][\/et_pb_heading][et_pb_gallery gallery_ids=&#8221;71,70,74,77,76,183,181,185&#8243; posts_number=&#8221;8&#8243; show_title_and_caption=&#8221;off&#8221; _builder_version=&#8221;4.27.0&#8243; _module_preset=&#8221;default&#8221; global_colors_info=&#8221;{}&#8221;][\/et_pb_gallery][\/et_pb_column][\/et_pb_row][\/et_pb_section][et_pb_section fb_built=&#8221;1&#8243; admin_label=&#8221;section&#8221; _builder_version=&#8221;4.16&#8243; custom_padding=&#8221;24px||23px|||&#8221; locked=&#8221;off&#8221; global_colors_info=&#8221;{}&#8221;][et_pb_row admin_label=&#8221;row&#8221; _builder_version=&#8221;4.16&#8243; background_size=&#8221;initial&#8221; background_position=&#8221;top_left&#8221; background_repeat=&#8221;repeat&#8221; global_colors_info=&#8221;{}&#8221;][et_pb_column type=&#8221;4_4&#8243; _builder_version=&#8221;4.16&#8243; custom_padding=&#8221;|||&#8221; global_colors_info=&#8221;{}&#8221; custom_padding__hover=&#8221;|||&#8221;][et_pb_text admin_label=&#8221;Text&#8221; _builder_version=&#8221;4.27.0&#8243; background_size=&#8221;initial&#8221; background_position=&#8221;top_left&#8221; background_repeat=&#8221;repeat&#8221; global_colors_info=&#8221;{}&#8221;]BaitongHomestay bietet folgende Zimmer-Ausstattung<br \/>\n\u2022Alle Zimmer haben eine eigene Toilette, Kalt und Warmwasser Duschbad, TV, Minibar, WiFi\u00a0Kostenlos, Klima-Anlage und das Fr\u00fchst\u00fcck ist im Zimmerpreis enthalten<\/p>\n<p>\u2022F\u00fcr PKW steht ein eigener, kostenloser Parkplatz zur Verf\u00fcgung,<\/p>\n<p>\u2022 Breakfast includes every reserved day during 6.00 &#8211; 10.00 am.[\/et_pb_text][\/et_pb_column][\/et_pb_row][et_pb_row _builder_version=&#8221;4.27.0&#8243; _module_preset=&#8221;default&#8221; global_colors_info=&#8221;{}&#8221;][et_pb_column type=&#8221;4_4&#8243; _builder_version=&#8221;4.27.0&#8243; _module_preset=&#8221;default&#8221; global_colors_info=&#8221;{}&#8221;][et_pb_gallery gallery_ids=&#8221;199,197,188,189&#8243; show_title_and_caption=&#8221;off&#8221; _builder_version=&#8221;4.27.2&#8243; _module_preset=&#8221;default&#8221; global_colors_info=&#8221;{}&#8221;][\/et_pb_gallery][\/et_pb_column][\/et_pb_row][\/et_pb_section][et_pb_section fb_built=&#8221;1&#8243; admin_label=&#8221;section&#8221; _builder_version=&#8221;4.16&#8243; custom_padding=&#8221;10px|||||&#8221; locked=&#8221;off&#8221; global_colors_info=&#8221;{}&#8221;][et_pb_row admin_label=&#8221;row&#8221; _builder_version=&#8221;4.16&#8243; background_size=&#8221;initial&#8221; background_position=&#8221;top_left&#8221; background_repeat=&#8221;repeat&#8221; global_colors_info=&#8221;{}&#8221;][et_pb_column type=&#8221;4_4&#8243; _builder_version=&#8221;4.16&#8243; custom_padding=&#8221;|||&#8221; global_colors_info=&#8221;{}&#8221; custom_padding__hover=&#8221;|||&#8221;][et_pb_text admin_label=&#8221;Text&#8221; _builder_version=&#8221;4.27.0&#8243; background_size=&#8221;initial&#8221; background_position=&#8221;top_left&#8221; background_repeat=&#8221;repeat&#8221; global_colors_info=&#8221;{}&#8221;]Alle Zimmer mit Air-condition, warmem und kaltem Wasser, Minibar, freies Internet WIFI, Sat TV and Fr\u00fchst\u00fcck[\/et_pb_text][\/et_pb_column][\/et_pb_row][et_pb_row _builder_version=&#8221;4.27.0&#8243; _module_preset=&#8221;default&#8221; global_colors_info=&#8221;{}&#8221;][et_pb_column type=&#8221;4_4&#8243; _builder_version=&#8221;4.27.0&#8243; _module_preset=&#8221;default&#8221; global_colors_info=&#8221;{}&#8221;][et_pb_gallery gallery_ids=&#8221;14,19,122,282,281,280,279,278,277,276,275,274,273&#8243; posts_number=&#8221;20&#8243; orientation=&#8221;portrait&#8221; show_title_and_caption=&#8221;off&#8221; _builder_version=&#8221;4.27.2&#8243; _module_preset=&#8221;default&#8221; global_colors_info=&#8221;{}&#8221;][\/et_pb_gallery][\/et_pb_column][\/et_pb_row][\/et_pb_section][et_pb_section fb_built=&#8221;1&#8243; _builder_version=&#8221;4.16&#8243; locked=&#8221;off&#8221; global_colors_info=&#8221;{}&#8221;][et_pb_row _builder_version=&#8221;4.16&#8243; background_size=&#8221;initial&#8221; background_position=&#8221;top_left&#8221; background_repeat=&#8221;repeat&#8221; global_colors_info=&#8221;{}&#8221;][et_pb_column type=&#8221;4_4&#8243; _builder_version=&#8221;4.16&#8243; custom_padding=&#8221;|||&#8221; global_colors_info=&#8221;{}&#8221; custom_padding__hover=&#8221;|||&#8221;][et_pb_text _builder_version=&#8221;4.16&#8243; background_size=&#8221;initial&#8221; background_position=&#8221;top_left&#8221; background_repeat=&#8221;repeat&#8221; global_colors_info=&#8221;{}&#8221;]BaitongHomestay\u00a0 liegt im S\u00fcden von Chiang Mai, im Alten Teil von Chiang Mai\u00a0 am Collage f\u00fcr<br \/>\nDramatische Kunst, 5 Minuten Fu\u00dfweg zum Kardkorm Frischmarkt, wo Sie das normale Leben der<br \/>\nEinwohner von Chiang Mai erfahren k\u00f6nnen und Sie sind 10 Minuten von der Saturday-Walking-street entfernt oder Sie \u00fcberqueren den Kanal und Sie sind mitten im gesch\u00e4ftigen Leben von Chiang Mai.\u00a0 Zur\u00fcck im BaitongHomestay\u00a0 k\u00f6nnen Sie bei der l\u00e4ndlichen Ruhe entspannen mit einem<\/p>\n<p>K\u00fchlen Drink.<br \/>\n<!--more--><\/p>\n<p><iframe loading=\"lazy\" src=\"https:\/\/maps.google.com\/maps\/ms?msa=0&amp;msid=200984675435043585387.0004e784768e095a19c3e&amp;hl=en&amp;ie=UTF8&amp;t=m&amp;ll=18.776783,98.99187&amp;spn=0.004876,0.006866&amp;z=17&amp;output=embed\" width=\"640\" height=\"480\" frameborder=\"0\" marginwidth=\"0\" marginheight=\"0\" scrolling=\"no\"><\/iframe><br \/>\n<small>View <a style=\"color: #0000ff; text-align: left;\" href=\"https:\/\/maps.google.com\/maps\/ms?msa=0&amp;msid=200984675435043585387.0004e784768e095a19c3e&amp;hl=en&amp;ie=UTF8&amp;t=m&amp;ll=18.776783,98.99187&amp;spn=0.004876,0.006866&amp;z=17&amp;source=embed\">Baitong Home Stay <\/a> in a larger map<\/small>[\/et_pb_text][\/et_pb_column][\/et_pb_row][\/et_pb_section]<\/p>\n","protected":false},"excerpt":{"rendered":"<p>Baitong Home stayLocates in the town of Chiang Mai, Thailand.Built in a quiet area with no traffic noise.Thailand-homestay is popular for bed and breakfast. \u00a0Baitong Home stay is a homestay in Thailand locates right in the town of Chiang Mai. Thailand-homestay ist bekannt f\u00fcr das Angebot: Zimmer mit Fr\u00fchst\u00fcck. Baitong Homestay liegt mitten im Zentrum [&hellip;]<\/p>\n","protected":false},"author":2,"featured_media":70,"parent":0,"menu_order":0,"comment_status":"open","ping_status":"open","template":"","meta":{"_et_pb_use_builder":"on","_et_pb_old_content":"Thailand-homestay is popular for bed and breakfast. \u00a0Baitong Home stay is a homestay in Thailand locates right in the town of Chiang Mai.\r\n<!--more-->\r\n\r\nThailand-homestay ist bekannt f\u00fcr das Angebot: Zimmer mit Fr\u00fchst\u00fcck.  Baitong Homestay liegt mitten im Zentrum von Chiang Mai in einer ruhigen Seitenstra\u00dfe\r\nDie Pension hat 12  Zimmer, die im Boutique-Stil ausgestattet sind. Alle Zimmer haben  volle Ausstattung wie Klima-Anlage:, 24 Stunden freies internet WIFI, Minibar, Sat TV, , eigene Toilette und   Dusche mit warmem und kaltem Wasser .\r\nDie Eigent\u00fcmer des Hauses sind Narumol Geissler und Manfred Geissler, die fr\u00fcher das bekannte Baitong Thai Restaurant in Augsburg gef\u00fchrt haben. Sie gr\u00fcndeten das Baitong-Homestay in Chiang Mai in Thailand sozusagen als Altersbesch\u00e4ftigung.\r\nIm Angebot sind gleicherma\u00dfen Thai-K\u00fcche und deutsche Gerichte. sind \r\n\r\n[gallery ids=\"70,71,72,73,74,75,76,77,78,79,80\"]","_et_gb_content_width":"","footnotes":""},"class_list":["post-205","page","type-page","status-publish","has-post-thumbnail","hentry"],"_links":{"self":[{"href":"https:\/\/baitonghomestay.com\/germany\/wp-json\/wp\/v2\/pages\/205","targetHints":{"allow":["GET"]}}],"collection":[{"href":"https:\/\/baitonghomestay.com\/germany\/wp-json\/wp\/v2\/pages"}],"about":[{"href":"https:\/\/baitonghomestay.com\/germany\/wp-json\/wp\/v2\/types\/page"}],"author":[{"embeddable":true,"href":"https:\/\/baitonghomestay.com\/germany\/wp-json\/wp\/v2\/users\/2"}],"replies":[{"embeddable":true,"href":"https:\/\/baitonghomestay.com\/germany\/wp-json\/wp\/v2\/comments?post=205"}],"version-history":[{"count":10,"href":"https:\/\/baitonghomestay.com\/germany\/wp-json\/wp\/v2\/pages\/205\/revisions"}],"predecessor-version":[{"id":294,"href":"https:\/\/baitonghomestay.com\/germany\/wp-json\/wp\/v2\/pages\/205\/revisions\/294"}],"wp:featuredmedia":[{"embeddable":true,"href":"https:\/\/baitonghomestay.com\/germany\/wp-json\/wp\/v2\/media\/70"}],"wp:attachment":[{"href":"https:\/\/baitonghomestay.com\/germany\/wp-json\/wp\/v2\/media?parent=205"}],"curies":[{"name":"wp","href":"https:\/\/api.w.org\/{rel}","templated":true}]}}