{"id":38,"date":"2013-09-29T12:09:42","date_gmt":"2013-09-29T12:09:42","guid":{"rendered":"http:\/\/baitonghomestay.com\/?page_id=38"},"modified":"2024-10-02T06:50:44","modified_gmt":"2024-10-02T06:50:44","slug":"die-lage","status":"publish","type":"page","link":"https:\/\/baitonghomestay.com\/germany\/die-lage\/","title":{"rendered":"Die Lage"},"content":{"rendered":"\n[et_pb_section][et_pb_row][et_pb_column type=&#8221;4_4&#8243;][et_pb_text]BaitongHomestay\u00a0 liegt im S\u00fcden von Chiang Mai, im Alten Teil von Chiang Mai\u00a0 am Collage f\u00fcr\nDramatische Kunst, 5 Minuten Fu\u00dfweg zum Kardkorm Frischmarkt, wo Sie das normale Leben der\nEinwohner von Chiang Mai erfahren k\u00f6nnen und Sie sind 10 Minuten von der Saturday-Walking-street entfernt oder Sie \u00fcberqueren den Kanal und Sie sind mitten im gesch\u00e4ftigen Leben von Chiang Mai.\u00a0 Zur\u00fcck im BaitongHomestay\u00a0 k\u00f6nnen Sie bei der l\u00e4ndlichen Ruhe entspannen mit einem\n\nK\u00fchlen Drink.\n<!--more-->\n\n<iframe loading=\"lazy\" src=\"https:\/\/maps.google.com\/maps\/ms?msa=0&amp;msid=200984675435043585387.0004e784768e095a19c3e&amp;hl=en&amp;ie=UTF8&amp;t=m&amp;ll=18.776783,98.99187&amp;spn=0.004876,0.006866&amp;z=17&amp;output=embed\" width=\"640\" height=\"480\" frameborder=\"0\" marginwidth=\"0\" marginheight=\"0\" scrolling=\"no\"><\/iframe>\n<small>View <a style=\"color: #0000ff; text-align: left;\" href=\"https:\/\/maps.google.com\/maps\/ms?msa=0&amp;msid=200984675435043585387.0004e784768e095a19c3e&amp;hl=en&amp;ie=UTF8&amp;t=m&amp;ll=18.776783,98.99187&amp;spn=0.004876,0.006866&amp;z=17&amp;source=embed\">Baitong Home Stay <\/a> in a larger map<\/small>[\/et_pb_text][\/et_pb_column][\/et_pb_row][\/et_pb_section]\n","protected":false},"excerpt":{"rendered":"<p><div class=\"et_pb_section et_pb_section_0 et_section_regular\" >\n\t\t\t\t\n\t\t\t\t\n\t\t\t\t\n\t\t\t\t\n\t\t\t\t\n\t\t\t\t\n\t\t\t\t\n\t\t\t\t\n\t\t\t\t\n\t\t\t<\/div><div class=\"et_pb_row et_pb_row_0 et_pb_row_empty\">\n\t\t\t\t\n\t\t\t\t\n\t\t\t\t\n\t\t\t\t\n\t\t\t\t\n\t\t\t<\/div><div class=\"et_pb_module et_pb_text et_pb_text_0  et_pb_text_align_left et_pb_bg_layout_light\">\n\t\t\t\t\n\t\t\t\t\n\t\t\t\t\n\t\t\t\t\n\t\t\t\t\n\t\t\t<\/div>BaitongHomestay\u00a0 liegt im S\u00fcden von Chiang Mai, im Alten Teil von Chiang Mai\u00a0 am Collage f\u00fcr Dramatische Kunst, 5 Minuten Fu\u00dfweg zum Kardkorm Frischmarkt, wo Sie das normale Leben der Einwohner von Chiang Mai erfahren k\u00f6nnen und Sie sind 10 Minuten von der Saturday-Walking-street entfernt oder Sie \u00fcberqueren den Kanal und Sie sind mitten im [&hellip;]<\/p>\n","protected":false},"author":2,"featured_media":80,"parent":0,"menu_order":0,"comment_status":"open","ping_status":"open","template":"","meta":{"_et_pb_use_builder":"on","_et_pb_old_content":"BaitongHomestay\u00a0 liegt im S\u00fcden von Chiang Mai, im Alten Teil von Chiang Mai\u00a0 am Collage f\u00fcr\nDramatische Kunst, 5 Minuten Fu\u00dfweg zum Kardkorm Frischmarkt, wo Sie das normale Leben der\nEinwohner von Chiang Mai erfahren k\u00f6nnen und Sie sind 10 Minuten von der Saturday-Walking-street entfernt oder Sie \u00fcberqueren den Kanal und Sie sind mitten im gesch\u00e4ftigen Leben von Chiang Mai.\u00a0 Zur\u00fcck im BaitongHomestay\u00a0 k\u00f6nnen Sie bei der l\u00e4ndlichen Ruhe entspannen mit einem\n\nK\u00fchlen Drink.\n<!--more-->\n\n<iframe src=\"https:\/\/maps.google.com\/maps\/ms?msa=0&amp;msid=200984675435043585387.0004e784768e095a19c3e&amp;hl=en&amp;ie=UTF8&amp;t=m&amp;ll=18.776783,98.99187&amp;spn=0.004876,0.006866&amp;z=17&amp;output=embed\" width=\"640\" height=\"480\" frameborder=\"0\" marginwidth=\"0\" marginheight=\"0\" scrolling=\"no\"><\/iframe>\n<small>View <a style=\"color: #0000ff; text-align: left;\" href=\"https:\/\/maps.google.com\/maps\/ms?msa=0&amp;msid=200984675435043585387.0004e784768e095a19c3e&amp;hl=en&amp;ie=UTF8&amp;t=m&amp;ll=18.776783,98.99187&amp;spn=0.004876,0.006866&amp;z=17&amp;source=embed\">Baitong Home Stay <\/a> in a larger map<\/small>","_et_gb_content_width":"","footnotes":""},"class_list":["post-38","page","type-page","status-publish","has-post-thumbnail","hentry"],"_links":{"self":[{"href":"https:\/\/baitonghomestay.com\/germany\/wp-json\/wp\/v2\/pages\/38","targetHints":{"allow":["GET"]}}],"collection":[{"href":"https:\/\/baitonghomestay.com\/germany\/wp-json\/wp\/v2\/pages"}],"about":[{"href":"https:\/\/baitonghomestay.com\/germany\/wp-json\/wp\/v2\/types\/page"}],"author":[{"embeddable":true,"href":"https:\/\/baitonghomestay.com\/germany\/wp-json\/wp\/v2\/users\/2"}],"replies":[{"embeddable":true,"href":"https:\/\/baitonghomestay.com\/germany\/wp-json\/wp\/v2\/comments?post=38"}],"version-history":[{"count":2,"href":"https:\/\/baitonghomestay.com\/germany\/wp-json\/wp\/v2\/pages\/38\/revisions"}],"predecessor-version":[{"id":267,"href":"https:\/\/baitonghomestay.com\/germany\/wp-json\/wp\/v2\/pages\/38\/revisions\/267"}],"wp:featuredmedia":[{"embeddable":true,"href":"https:\/\/baitonghomestay.com\/germany\/wp-json\/wp\/v2\/media\/80"}],"wp:attachment":[{"href":"https:\/\/baitonghomestay.com\/germany\/wp-json\/wp\/v2\/media?parent=38"}],"curies":[{"name":"wp","href":"https:\/\/api.w.org\/{rel}","templated":true}]}}